{"id":13,"date":"2024-02-24T16:28:42","date_gmt":"2024-02-24T21:28:42","guid":{"rendered":"https:\/\/qd.com.co\/landing\/?page_id=13"},"modified":"2026-02-19T15:52:37","modified_gmt":"2026-02-19T20:52:37","slug":"landing","status":"publish","type":"page","link":"https:\/\/qd.com.co\/landing\/","title":{"rendered":"Landing"},"content":{"rendered":"<div class=\"wpb-content-wrapper\"><p>[vc_row full_width=\u00bbstretch_row\u00bb content_placement=\u00bbbottom\u00bb css=\u00bb.vc_custom_1709242503475{background-color: #45e5e5 !important;}\u00bb el_class=\u00bbhero-landing\u00bb][vc_column width=\u00bb1\/2&#8243; el_class=\u00bbhero-imagen\u00bb][vc_single_image image=\u00bb27&#8243; img_size=\u00bbfull\u00bb alignment=\u00bbcenter\u00bb][\/vc_column][vc_column width=\u00bb1\/2&#8243; el_class=\u00bbmembresia-texto\u00bb][vc_column_text el_class=\u00bbmembresia-texto_la\u00bb]\u00a1La[\/vc_column_text][vc_single_image image=\u00bb31&#8243; img_size=\u00bbfull\u00bb el_class=\u00bbmembresia-texto_svg\u00bb][vc_column_text el_class=\u00bbmembresia-texto_esta\u00bb]est\u00e1 aqu\u00ed![\/vc_column_text][vc_column_text el_class=\u00bbmembresia-texto_p\u00bb]Dise\u00f1o gr\u00e1fico a la medida, con entregas eficientes, cambios ilimitados y a un costo fijo.<\/p>\n<p><a href=\"#planes\">Ver nuestros planes<\/a>[\/vc_column_text][\/vc_column][\/vc_row][vc_section full_width=\u00bbstretch_row\u00bb el_id=\u00bbplanes\u00bb css=\u00bb.vc_custom_1708881618755{background-color: #021111 !important;}\u00bb el_class=\u00bbplanes\u00bb][vc_row][vc_column el_class=\u00bbplanes_titulo\u00bb][vc_single_image image=\u00bb46&#8243; img_size=\u00bbfull\u00bb][vc_column_text]Explora nuestros planes, elige el que mejor se adapte a tu marca, necesidades y objetivos de dise\u00f1o, y agenda tu prueba gratis.[\/vc_column_text][\/vc_column][\/vc_row][vc_row el_class=\u00bbplanes_columnas owl-carousel owl-theme\u00bb][vc_column el_class=\u00bbfocus\u00bb][vc_column_text]<\/p>\n<h3>FOCUS<\/h3>\n<p>[\/vc_column_text][vc_column_text el_class=\u00bbplanes_columnas-precio\u00bb]$3,200,000<strong>+iva<\/strong>[\/vc_column_text][vc_column_text el_class=\u00bbplanes_columnas-horas\u00bb]<strong>40 HORAS<\/strong> Mensuales[\/vc_column_text][vc_column_text el_class=\u00bbplanes_columnas-texto\u00bb]Soporte creativo continuo[\/vc_column_text][vc_column_text el_class=\u00bbplanes_columnas-lista\u00bb css=\u00bb.vc_custom_1771534292103{margin-bottom: 20px !important;}\u00bb]<\/p>\n<ul>\n<li><b> Soporte creativo continuo<\/b><\/li>\n<li><b> Ejecutivo de cuenta<\/b><\/li>\n<li><b> Equipo multidisciplinario<\/b><\/li>\n<li><b> Cambios ilimitados dentro de las horas asignadas<\/b><\/li>\n<li><b> Ajustes y optimizaci\u00f3n de piezas existentes<\/b><\/li>\n<li><b> Adaptaciones para distintos formatos<\/b><\/li>\n<\/ul>\n<p>[\/vc_column_text][vc_btn title=\u00bbComenzar\u00bb shape=\u00bbround\u00bb color=\u00bbwhite\u00bb size=\u00bblg\u00bb align=\u00bbcenter\u00bb i_align=\u00bbright\u00bb i_icon_fontawesome=\u00bbfab fa-whatsapp\u00bb button_block=\u00bbtrue\u00bb add_icon=\u00bbtrue\u00bb link=\u00bburl:%23whatsapp|title:Hablemos\u00bb el_class=\u00bbbtn-hablemos\u00bb][\/vc_column][vc_column el_class=\u00bbflex\u00bb][vc_column_text]<\/p>\n<h3>FLEX<\/h3>\n<p>[\/vc_column_text][vc_column_text el_class=\u00bbplanes_columnas-precio\u00bb]$6,400,000<strong>+iva<\/strong>[\/vc_column_text][vc_column_text el_class=\u00bbplanes_columnas-horas\u00bb]<strong>80 HORAS<\/strong> Mensuales[\/vc_column_text][vc_column_text el_class=\u00bbplanes_columnas-texto\u00bb]Aceleraci\u00f3n de marca[\/vc_column_text][vc_column_text el_class=\u00bbplanes_columnas-lista\u00bb css=\u00bb.vc_custom_1771534338592{margin-bottom: 20px !important;}\u00bb]<\/p>\n<ul>\n<li><b> Soporte creativo continuo<\/b><\/li>\n<li><b> Ejecutivo de cuenta<\/b><\/li>\n<li><b> Equipo multidisciplinario<\/b><\/li>\n<li><b> Cambios ilimitados dentro de las horas asignadas<\/b><\/li>\n<li><b> Banco de im\u00e1genes avanzado<\/b><\/li>\n<li><b> Gesti\u00f3n estrat\u00e9gica de comunicaci\u00f3n<\/b><\/li>\n<\/ul>\n<p>[\/vc_column_text][vc_btn title=\u00bbComenzar\u00bb shape=\u00bbround\u00bb color=\u00bbwhite\u00bb align=\u00bbcenter\u00bb i_align=\u00bbright\u00bb i_icon_fontawesome=\u00bbfab fa-whatsapp\u00bb button_block=\u00bbtrue\u00bb add_icon=\u00bbtrue\u00bb link=\u00bburl:%23whatsapp|title:Hablemos\u00bb el_class=\u00bbbtn-hablemos\u00bb][\/vc_column][vc_column el_class=\u00bbfull\u00bb][vc_column_text]<\/p>\n<h3>FULL<\/h3>\n<p>[\/vc_column_text][vc_column_text el_class=\u00bbplanes_columnas-precio\u00bb]$12,800,000<strong>+iva<\/strong>[\/vc_column_text][vc_column_text el_class=\u00bbplanes_columnas-horas\u00bb]<strong>160 HORAS<\/strong> Mensuales[\/vc_column_text][vc_column_text el_class=\u00bbplanes_columnas-texto\u00bb]Direcci\u00f3n creativa extendida[\/vc_column_text][vc_column_text el_class=\u00bbplanes_columnas-lista\u00bb css=\u00bb.vc_custom_1771534353593{margin-bottom: 20px !important;}\u00bb]<\/p>\n<ul>\n<li><b> Soporte creativo continuo<\/b><\/li>\n<li><b> Ejecutivo de cuenta<\/b><\/li>\n<li><b> Equipo multidisciplinario<\/b><\/li>\n<li><b> Cambios ilimitados dentro de las horas asignadas<\/b><\/li>\n<li><b> Banco de im\u00e1genes exclusivo<\/b><\/li>\n<li><b> Liderazgo creativo\u00a0<\/b><\/li>\n<li><b> Estrategia de crecimiento de marca<\/b><\/li>\n<\/ul>\n<p>[\/vc_column_text][vc_btn title=\u00bbComenzar\u00bb shape=\u00bbround\u00bb color=\u00bbwhite\u00bb align=\u00bbcenter\u00bb i_align=\u00bbright\u00bb i_icon_fontawesome=\u00bbfab fa-whatsapp\u00bb button_block=\u00bbtrue\u00bb add_icon=\u00bbtrue\u00bb link=\u00bburl:%23whatsapp|title:Hablemos\u00bb el_class=\u00bbbtn-hablemos\u00bb][\/vc_column][\/vc_row][\/vc_section][vc_section full_width=\u00bbstretch_row\u00bb css=\u00bb.vc_custom_1709298553578{background-color: #021111 !important;}\u00bb el_class=\u00bbformulario__container\u00bb el_id=\u00bbagendar\u00bb][vc_row el_class=\u00bbformulario\u00bb][vc_column]\n<div class=\"wpcf7 no-js\" id=\"wpcf7-f15-o1\" lang=\"es-ES\" dir=\"ltr\" data-wpcf7-id=\"15\">\n<div class=\"screen-reader-response\"><p role=\"status\" aria-live=\"polite\" aria-atomic=\"true\"><\/p> <ul><\/ul><\/div>\n<form action=\"\/landing\/wp-json\/wp\/v2\/pages\/13#wpcf7-f15-o1\" method=\"post\" class=\"wpcf7-form init\" aria-label=\"Formulario de contacto\" novalidate=\"novalidate\" data-status=\"init\">\n<fieldset class=\"hidden-fields-container\"><input type=\"hidden\" name=\"_wpcf7\" value=\"15\" \/><input type=\"hidden\" name=\"_wpcf7_version\" value=\"6.1.5\" \/><input type=\"hidden\" name=\"_wpcf7_locale\" value=\"es_ES\" \/><input type=\"hidden\" name=\"_wpcf7_unit_tag\" value=\"wpcf7-f15-o1\" \/><input type=\"hidden\" name=\"_wpcf7_container_post\" value=\"0\" \/><input type=\"hidden\" name=\"_wpcf7_posted_data_hash\" value=\"\" \/><input type=\"hidden\" name=\"_wpcf7_recaptcha_response\" value=\"\" \/>\n<\/fieldset>\n<div class=\"mid\"><span class=\"wpcf7-form-control-wrap\" data-name=\"Nombre\"><input size=\"40\" maxlength=\"400\" class=\"wpcf7-form-control wpcf7-text wpcf7-validates-as-required\" aria-required=\"true\" aria-invalid=\"false\" placeholder=\"Nombre\" value=\"\" type=\"text\" name=\"Nombre\" \/><\/span><\/div>\n<div class=\"mid\"><span class=\"wpcf7-form-control-wrap\" data-name=\"Correo\"><input size=\"40\" maxlength=\"400\" class=\"wpcf7-form-control wpcf7-email wpcf7-validates-as-required wpcf7-text wpcf7-validates-as-email\" aria-required=\"true\" aria-invalid=\"false\" placeholder=\"Correo\" value=\"\" type=\"email\" name=\"Correo\" \/><\/span><\/div>\n<div class=\"mid\"><span class=\"wpcf7-form-control-wrap\" data-name=\"Telefono\"><input size=\"40\" maxlength=\"400\" class=\"wpcf7-form-control wpcf7-tel wpcf7-validates-as-required wpcf7-text wpcf7-validates-as-tel\" aria-required=\"true\" aria-invalid=\"false\" placeholder=\"Tel\u00e9fono\" value=\"\" type=\"tel\" name=\"Telefono\" \/><\/span><\/div>\n<div class=\"mid\"><span class=\"wpcf7-form-control-wrap\" data-name=\"Empresa\"><input size=\"40\" maxlength=\"400\" class=\"wpcf7-form-control wpcf7-text wpcf7-validates-as-required\" aria-required=\"true\" aria-invalid=\"false\" placeholder=\"Empresa\" value=\"\" type=\"text\" name=\"Empresa\" \/><\/span><\/div>\n<div class=\"mid\"><span class=\"wpcf7-form-control-wrap\" data-name=\"tipo-plan\"><select class=\"wpcf7-form-control wpcf7-select wpcf7-validates-as-required\" aria-required=\"true\" aria-invalid=\"false\" name=\"tipo-plan\"><option value=\"Tipo de Plan\">Tipo de Plan<\/option><option value=\"Focus\">Focus<\/option><option value=\"Flex\">Flex<\/option><option value=\"Full\">Full<\/option><\/select><\/span><\/div>\n<input class=\"wpcf7-form-control wpcf7-hidden\" value=\"\" type=\"hidden\" name=\"utm_term\" \/>\n<input class=\"wpcf7-form-control wpcf7-hidden\" value=\"\" type=\"hidden\" name=\"utm_content\" \/>\n<input class=\"wpcf7-form-control wpcf7-hidden\" value=\"Org\u00e1nico\" type=\"hidden\" name=\"utm_source\" \/>\n<input class=\"wpcf7-form-control wpcf7-hidden\" value=\"\" type=\"hidden\" name=\"utm_medium\" \/>\n<input class=\"wpcf7-form-control wpcf7-hidden\" value=\"\" type=\"hidden\" name=\"utm_campaign\" \/>\n<div class=\"mid\"><input class=\"wpcf7-form-control wpcf7-submit has-spinner\" type=\"submit\" value=\"Agenda tu prueba gratis\" \/><\/div><div class=\"wpcf7-response-output\" aria-hidden=\"true\"><\/div>\n<\/form>\n<\/div>\n[vc_column_text el_class=\u00bbterminos\u00bb]*Vigencia m\u00ednima del plan: 3 meses, aplican t\u00e9rminos y condiciones.[\/vc_column_text][\/vc_column][\/vc_row][\/vc_section][vc_section full_width=\u00bbstretch_row\u00bb css=\u00bb.vc_custom_1708908008530{background-color: #021111 !important;}\u00bb el_id=\u00bbclientes\u00bb el_class=\u00bbclientes\u00bb][vc_row][vc_column][vc_column_text el_class=\u00bbclientes__titulo\u00bb]<\/p>\n<h2>Clientes<\/h2>\n<p>Quidamos las marcas de nuestros clientes, estos son algunos de ellos.[\/vc_column_text][\/vc_column][\/vc_row][vc_row][vc_column el_class=\u00bbclientes__logos owl-carousel owl-theme\u00bb][vc_single_image image=\u00bb75&#8243; img_size=\u00bbfull\u00bb alignment=\u00bbcenter\u00bb][vc_single_image image=\u00bb72&#8243; img_size=\u00bbfull\u00bb alignment=\u00bbcenter\u00bb][vc_single_image image=\u00bb71&#8243; img_size=\u00bbfull\u00bb alignment=\u00bbcenter\u00bb][vc_single_image image=\u00bb73&#8243; img_size=\u00bbfull\u00bb alignment=\u00bbcenter\u00bb][vc_single_image image=\u00bb74&#8243; img_size=\u00bbfull\u00bb alignment=\u00bbcenter\u00bb][vc_single_image image=\u00bb76&#8243; img_size=\u00bbfull\u00bb alignment=\u00bbcenter\u00bb][\/vc_column][\/vc_row][\/vc_section][vc_section el_id=\u00bbnosotros\u00bb el_class=\u00bbnosotros\u00bb][vc_row][vc_column][vc_column_text el_class=\u00bbnosotros__titulo\u00bb]<\/p>\n<h2 style=\"text-align: center;\">Nosotros<\/h2>\n<p>[\/vc_column_text][\/vc_column][\/vc_row][vc_row][vc_column][vc_column_text el_class=\u00bbnosotros__cuadro\u00bb]<span style=\"font-weight: 400;\">Somos una agencia de dise\u00f1o <strong>colombiana<\/strong> especializada en <strong>construir<\/strong> y <strong>fortalecer<\/strong> marcas a trav\u00e9s de soluciones visuales estrat\u00e9gicas.<\/span><\/p>\n<p><span style=\"font-weight: 400;\">Convertimos el dise\u00f1o en una ventaja competitiva que impulsa posicionamiento, <strong>crecimiento<\/strong> y <strong>rentabilidad<\/strong>.<\/span>[\/vc_column_text][\/vc_column][\/vc_row][vc_row][vc_column el_class=\u00bbnosotros__imagenes\u00bb][vc_single_image image=\u00bb137&#8243; img_size=\u00bbfull\u00bb][vc_single_image image=\u00bb136&#8243; img_size=\u00bbfull\u00bb][vc_single_image image=\u00bb135&#8243; img_size=\u00bbfull\u00bb][vc_single_image image=\u00bb81&#8243; img_size=\u00bbfull\u00bb][\/vc_column][\/vc_row][\/vc_section]<\/p>\n<\/div>","protected":false},"excerpt":{"rendered":"<p>[vc_row full_width=\u00bbstretch_row\u00bb content_placement=\u00bbbottom\u00bb css=\u00bb.vc_custom_1709242503475{background-color: #45e5e5 !important;}\u00bb el_class=\u00bbhero-landing\u00bb][vc_column width=\u00bb1\/2&#8243; el_class=\u00bbhero-imagen\u00bb][vc_single_image image=\u00bb27&#8243; img_size=\u00bbfull\u00bb alignment=\u00bbcenter\u00bb][\/vc_column][vc_column width=\u00bb1\/2&#8243; el_class=\u00bbmembresia-texto\u00bb][vc_column_text el_class=\u00bbmembresia-texto_la\u00bb]\u00a1La[\/vc_column_text][vc_single_image image=\u00bb31&#8243; img_size=\u00bbfull\u00bb el_class=\u00bbmembresia-texto_svg\u00bb][vc_column_text el_class=\u00bbmembresia-texto_esta\u00bb]est\u00e1 aqu\u00ed![\/vc_column_text][vc_column_text el_class=\u00bbmembresia-texto_p\u00bb]Dise\u00f1o gr\u00e1fico a la medida, con entregas eficientes, cambios ilimitados y a un costo fijo. Ver nuestros planes[\/vc_column_text][\/vc_column][\/vc_row][vc_section full_width=\u00bbstretch_row\u00bb el_id=\u00bbplanes\u00bb css=\u00bb.vc_custom_1708881618755{background-color: #021111 !important;}\u00bb el_class=\u00bbplanes\u00bb][vc_row][vc_column el_class=\u00bbplanes_titulo\u00bb][vc_single_image image=\u00bb46&#8243; img_size=\u00bbfull\u00bb][vc_column_text]Explora nuestros planes, elige el que mejor se adapte [&hellip;]<\/p>\n","protected":false},"author":1,"featured_media":0,"parent":0,"menu_order":0,"comment_status":"closed","ping_status":"closed","template":"","meta":{"_joinchat":[],"footnotes":""},"class_list":["post-13","page","type-page","status-publish","hentry"],"_links":{"self":[{"href":"https:\/\/qd.com.co\/landing\/wp-json\/wp\/v2\/pages\/13","targetHints":{"allow":["GET"]}}],"collection":[{"href":"https:\/\/qd.com.co\/landing\/wp-json\/wp\/v2\/pages"}],"about":[{"href":"https:\/\/qd.com.co\/landing\/wp-json\/wp\/v2\/types\/page"}],"author":[{"embeddable":true,"href":"https:\/\/qd.com.co\/landing\/wp-json\/wp\/v2\/users\/1"}],"replies":[{"embeddable":true,"href":"https:\/\/qd.com.co\/landing\/wp-json\/wp\/v2\/comments?post=13"}],"version-history":[{"count":68,"href":"https:\/\/qd.com.co\/landing\/wp-json\/wp\/v2\/pages\/13\/revisions"}],"predecessor-version":[{"id":201,"href":"https:\/\/qd.com.co\/landing\/wp-json\/wp\/v2\/pages\/13\/revisions\/201"}],"wp:attachment":[{"href":"https:\/\/qd.com.co\/landing\/wp-json\/wp\/v2\/media?parent=13"}],"curies":[{"name":"wp","href":"https:\/\/api.w.org\/{rel}","templated":true}]}}